{"id":252067,"date":"2023-11-13T18:06:30","date_gmt":"2023-11-13T18:06:30","guid":{"rendered":"https:\/\/disenio.mihogarenelcaribe.com\/blog\/"},"modified":"2023-12-07T23:47:04","modified_gmt":"2023-12-07T23:47:04","slug":"blog","status":"publish","type":"page","link":"https:\/\/disenio.mihogarenelcaribe.com\/fr\/blog\/","title":{"rendered":"Blog"},"content":{"rendered":"<p>[et_pb_section fb_built=\u00a0\u00bb1&Prime; _builder_version=\u00a0\u00bb4.23.1&Prime; _module_preset=\u00a0\u00bbdefault\u00a0\u00bb background_color=\u00a0\u00bbrgba(0,0,0,0.6)\u00a0\u00bb background_image=\u00a0\u00bbhttps:\/\/disenio.mihogarenelcaribe.com\/wp-content\/uploads\/2023\/12\/fondo-4.jpg\u00a0\u00bb hover_enabled=\u00a0\u00bb0&Prime; locked=\u00a0\u00bboff\u00a0\u00bb global_colors_info=\u00a0\u00bb{}\u00a0\u00bb theme_builder_area=\u00a0\u00bbpost_content\u00a0\u00bb sticky_enabled=\u00a0\u00bb0&Prime; title_text=\u00a0\u00bbfondo-4&Prime; height_last_edited=\u00a0\u00bbon|desktop\u00a0\u00bb height=\u00a0\u00bb40vh\u00a0\u00bb height_tablet=\u00a0\u00bb40vh\u00a0\u00bb height_phone=\u00a0\u00bb40vh\u00a0\u00bb][et_pb_row column_structure=\u00a0\u00bb1_2,1_2&Prime; _builder_version=\u00a0\u00bb4.23.1&Prime; _module_preset=\u00a0\u00bbdefault\u00a0\u00bb global_colors_info=\u00a0\u00bb{}\u00a0\u00bb theme_builder_area=\u00a0\u00bbpost_content\u00a0\u00bb][et_pb_column type=\u00a0\u00bb1_2&Prime; _builder_version=\u00a0\u00bb4.23.1&Prime; _module_preset=\u00a0\u00bbdefault\u00a0\u00bb pac_dcm_carousel_specific_module_num=\u00a0\u00bb0&Prime; global_colors_info=\u00a0\u00bb{}\u00a0\u00bb theme_builder_area=\u00a0\u00bbpost_content\u00a0\u00bb][\/et_pb_column][et_pb_column type=\u00a0\u00bb1_2&Prime; _builder_version=\u00a0\u00bb4.23.1&Prime; _module_preset=\u00a0\u00bbdefault\u00a0\u00bb pac_dcm_carousel_specific_module_num=\u00a0\u00bb0&Prime; global_colors_info=\u00a0\u00bb{}\u00a0\u00bb theme_builder_area=\u00a0\u00bbpost_content\u00a0\u00bb][et_pb_text _builder_version=\u00a0\u00bb4.23.1&Prime; _module_preset=\u00a0\u00bbdefault\u00a0\u00bb text_text_color=\u00a0\u00bb#FFFFFF\u00a0\u00bb text_font_size=\u00a0\u00bb22px\u00a0\u00bb header_2_font=\u00a0\u00bb|600|||||||\u00a0\u00bb header_2_text_align=\u00a0\u00bbright\u00a0\u00bb header_2_text_color=\u00a0\u00bb#FFFFFF\u00a0\u00bb header_2_font_size=\u00a0\u00bb42px\u00a0\u00bb header_2_line_height=\u00a0\u00bb1.2em\u00a0\u00bb text_orientation=\u00a0\u00bbright\u00a0\u00bb width_tablet=\u00a0\u00bb80%\u00a0\u00bb width_last_edited=\u00a0\u00bboff|phone\u00a0\u00bb module_alignment=\u00a0\u00bbcenter\u00a0\u00bb custom_margin=\u00a0\u00bb5vh||0px||false|false\u00a0\u00bb custom_padding=\u00a0\u00bb|24px||24px|false|true\u00a0\u00bb hover_enabled=\u00a0\u00bb0&Prime; header_2_font_size_tablet=\u00a0\u00bb28px\u00a0\u00bb header_2_font_size_phone=\u00a0\u00bb24px\u00a0\u00bb header_2_font_size_last_edited=\u00a0\u00bbon|phone\u00a0\u00bb text_text_shadow_style=\u00a0\u00bbpreset2&Prime; text_text_shadow_color=\u00a0\u00bb#000000&Prime; header_text_shadow_style=\u00a0\u00bbpreset2&Prime; header_text_shadow_color=\u00a0\u00bbrgba(0,0,0,0.6)\u00a0\u00bb global_colors_info=\u00a0\u00bb{}\u00a0\u00bb theme_builder_area=\u00a0\u00bbpost_content\u00a0\u00bb sticky_enabled=\u00a0\u00bb0&Prime; text_font_size_last_edited=\u00a0\u00bbon|desktop\u00a0\u00bb custom_margin_last_edited=\u00a0\u00bbon|phone\u00a0\u00bb custom_margin_tablet=\u00a0\u00bb0vh||40px||false|false\u00a0\u00bb text_font_size_tablet=\u00a0\u00bb22px\u00a0\u00bb text_font_size_phone=\u00a0\u00bb22px\u00a0\u00bb custom_margin_phone=\u00a0\u00bb0vh||40px||false|false\u00a0\u00bb]<\/p>\n<h2>Bienvenue dans notre coin de paradis:<\/h2>\n<p>Le blog de \u00ab\u00a0Mi Hogar en el Caribe\u00a0\u00bb[\/et_pb_text][\/et_pb_column][\/et_pb_row][\/et_pb_section][et_pb_section fb_built=\u00a0\u00bb1&Prime; theme_builder_area=\u00a0\u00bbpost_content\u00a0\u00bb _builder_version=\u00a0\u00bb4.23.1&Prime; _module_preset=\u00a0\u00bbdefault\u00a0\u00bb custom_padding=\u00a0\u00bb0px||||false|false\u00a0\u00bb hover_enabled=\u00a0\u00bb0&Prime; sticky_enabled=\u00a0\u00bb0&Prime;][et_pb_row _builder_version=\u00a0\u00bb4.23.1&Prime; _module_preset=\u00a0\u00bbdefault\u00a0\u00bb theme_builder_area=\u00a0\u00bbpost_content\u00a0\u00bb][et_pb_column _builder_version=\u00a0\u00bb4.23.1&Prime; _module_preset=\u00a0\u00bbdefault\u00a0\u00bb type=\u00a0\u00bb4_4&Prime; theme_builder_area=\u00a0\u00bbpost_content\u00a0\u00bb][et_pb_text _builder_version=\u00a0\u00bb4.23.1&Prime; _module_preset=\u00a0\u00bbdefault\u00a0\u00bb theme_builder_area=\u00a0\u00bbpost_content\u00a0\u00bb hover_enabled=\u00a0\u00bb0&Prime; sticky_enabled=\u00a0\u00bb0&Prime;]<\/p>\n<p>Dans cet espace, plongez dans l&rsquo;essence des Cara\u00efbes mexicaines \u00e0 travers des histoires, des conseils et des secrets partag\u00e9s. Sur le blog de \u00ab\u00a0Mi Hogar en el Caribe\u00a0\u00bb, nous vous emm\u00e8nerons dans un voyage qui explore non seulement nos propri\u00e9t\u00e9s exclusives \u00e0 Canc\u00fan et Playa del Carmen, mais aussi le style de vie unique qu&rsquo;elles offrent.<\/p>\n<p>D\u00e9couvrez les derni\u00e8res tendances immobili\u00e8res, des conseils pour les investisseurs et la magie qui se cache derri\u00e8re chaque coin. <\/p>\n<p>Pr\u00e9parez-vous \u00e0 plonger dans les Cara\u00efbes mexicaines et nos d\u00e9veloppements, o\u00f9 la recherche de votre foyer parfait devient une exp\u00e9rience enrichissante. Pr\u00eat \u00e0 commencer ce voyage passionnant?<\/p>\n<p>[\/et_pb_text][\/et_pb_column][\/et_pb_row][et_pb_row _builder_version=\u00a0\u00bb4.23.1&Prime; _module_preset=\u00a0\u00bbdefault\u00a0\u00bb theme_builder_area=\u00a0\u00bbpost_content\u00a0\u00bb hover_enabled=\u00a0\u00bb0&Prime; sticky_enabled=\u00a0\u00bb0&Prime;][et_pb_column _builder_version=\u00a0\u00bb4.23.1&Prime; _module_preset=\u00a0\u00bbdefault\u00a0\u00bb type=\u00a0\u00bb4_4&Prime; theme_builder_area=\u00a0\u00bbpost_content\u00a0\u00bb][et_pb_blog _builder_version=\u00a0\u00bb4.23.1&Prime; _module_preset=\u00a0\u00bbdefault\u00a0\u00bb theme_builder_area=\u00a0\u00bbpost_content\u00a0\u00bb include_categories=\u00a0\u00bb26,25&Prime; fullwidth=\u00a0\u00bboff\u00a0\u00bb header_font_size=\u00a0\u00bb18px\u00a0\u00bb show_author=\u00a0\u00bboff\u00a0\u00bb show_categories=\u00a0\u00bboff\u00a0\u00bb hover_enabled=\u00a0\u00bb0&Prime; sticky_enabled=\u00a0\u00bb0&Prime; use_manual_excerpt=\u00a0\u00bboff\u00a0\u00bb header_line_height=\u00a0\u00bb1.2em\u00a0\u00bb][\/et_pb_blog][\/et_pb_column][\/et_pb_row][\/et_pb_section]<\/p>\n","protected":false},"excerpt":{"rendered":"<p>Bienvenue dans notre coin de paradis: Le blog de \u00ab\u00a0Mi Hogar en el Caribe\u00a0\u00bbDans cet espace, plongez dans l&rsquo;essence des Cara\u00efbes mexicaines \u00e0 travers des histoires, des conseils et des secrets partag\u00e9s. Sur le blog de \u00ab\u00a0Mi Hogar en el Caribe\u00a0\u00bb, nous vous emm\u00e8nerons dans un voyage qui explore non seulement nos propri\u00e9t\u00e9s exclusives \u00e0 [&hellip;]<\/p>\n","protected":false},"author":1,"featured_media":0,"parent":0,"menu_order":0,"comment_status":"closed","ping_status":"closed","template":"","meta":{"_et_pb_use_builder":"on","_et_pb_old_content":"","_et_gb_content_width":"","footnotes":""},"class_list":["post-252067","page","type-page","status-publish","hentry"],"_links":{"self":[{"href":"https:\/\/disenio.mihogarenelcaribe.com\/fr\/wp-json\/wp\/v2\/pages\/252067","targetHints":{"allow":["GET"]}}],"collection":[{"href":"https:\/\/disenio.mihogarenelcaribe.com\/fr\/wp-json\/wp\/v2\/pages"}],"about":[{"href":"https:\/\/disenio.mihogarenelcaribe.com\/fr\/wp-json\/wp\/v2\/types\/page"}],"author":[{"embeddable":true,"href":"https:\/\/disenio.mihogarenelcaribe.com\/fr\/wp-json\/wp\/v2\/users\/1"}],"replies":[{"embeddable":true,"href":"https:\/\/disenio.mihogarenelcaribe.com\/fr\/wp-json\/wp\/v2\/comments?post=252067"}],"version-history":[{"count":2,"href":"https:\/\/disenio.mihogarenelcaribe.com\/fr\/wp-json\/wp\/v2\/pages\/252067\/revisions"}],"predecessor-version":[{"id":252069,"href":"https:\/\/disenio.mihogarenelcaribe.com\/fr\/wp-json\/wp\/v2\/pages\/252067\/revisions\/252069"}],"wp:attachment":[{"href":"https:\/\/disenio.mihogarenelcaribe.com\/fr\/wp-json\/wp\/v2\/media?parent=252067"}],"curies":[{"name":"wp","href":"https:\/\/api.w.org\/{rel}","templated":true}]}}