{"id":251696,"date":"2023-11-13T18:06:30","date_gmt":"2023-11-13T18:06:30","guid":{"rendered":"https:\/\/disenio.mihogarenelcaribe.com\/complaints\/"},"modified":"2023-12-07T00:06:10","modified_gmt":"2023-12-07T00:06:10","slug":"complaints","status":"publish","type":"page","link":"https:\/\/disenio.mihogarenelcaribe.com\/en\/complaints\/","title":{"rendered":"Complaints"},"content":{"rendered":"<p>[et_pb_section fb_built=&#8221;1&#8243; custom_padding_last_edited=&#8221;on|desktop&#8221; _builder_version=&#8221;4.23.1&#8243; _module_preset=&#8221;default&#8221; background_color=&#8221;RGBA(255,255,255,0)&#8221; background_blend=&#8221;overlay&#8221; height_tablet=&#8221;440px&#8221; height_phone=&#8221;440px&#8221; height_last_edited=&#8221;on|phone&#8221; custom_margin_tablet=&#8221;&#8221; custom_margin_phone=&#8221;&#8221; custom_margin_last_edited=&#8221;on|phone&#8221; custom_padding_tablet=&#8221;&#8221; custom_padding_phone=&#8221;0px||0px||false|false&#8221; hover_enabled=&#8221;0&#8243; global_colors_info=&#8221;{}&#8221; theme_builder_area=&#8221;post_content&#8221; background_enable_image=&#8221;off&#8221; sticky_enabled=&#8221;0&#8243; custom_padding=&#8221;24px||||false|false&#8221;][et_pb_row _builder_version=&#8221;4.23.1&#8243; _module_preset=&#8221;default&#8221; width_tablet=&#8221;90%&#8221; width_phone=&#8221;90%&#8221; width_last_edited=&#8221;on|phone&#8221; global_colors_info=&#8221;{}&#8221; theme_builder_area=&#8221;post_content&#8221;][et_pb_column type=&#8221;4_4&#8243; _builder_version=&#8221;4.23.1&#8243; _module_preset=&#8221;default&#8221; pac_dcm_carousel_specific_module_num=&#8221;0&#8243; global_colors_info=&#8221;{}&#8221; theme_builder_area=&#8221;post_content&#8221;][et_pb_text _builder_version=&#8221;4.23.1&#8243; _module_preset=&#8221;default&#8221; text_text_color=&#8221;#666666&#8243; text_font_size=&#8221;16px&#8221; header_2_text_color=&#8221;#6ac2bd&#8221; header_3_font=&#8221;|600|||||||&#8221; header_3_text_color=&#8221;#666666&#8243; header_3_font_size=&#8221;31px&#8221; header_3_line_height=&#8221;1.4em&#8221; custom_padding=&#8221;0px||5px||false|false&#8221; hover_enabled=&#8221;0&#8243; global_colors_info=&#8221;{}&#8221; theme_builder_area=&#8221;post_content&#8221; sticky_enabled=&#8221;0&#8243; text_line_height=&#8221;1.4em&#8221;]<\/p>\n<h3>Complaints and suggestions<\/h3>\n<p>For your convenience, we provide you with the following contact information.<br \/>\nSelect the state you wish to inquire about.[\/et_pb_text][et_pb_accordion _builder_version=&#8221;4.23.1&#8243; _module_preset=&#8221;default&#8221; theme_builder_area=&#8221;post_content&#8221; hover_enabled=&#8221;0&#8243; sticky_enabled=&#8221;0&#8243; toggle_icon=&#8221;&#x49;||divi||400&#8243; icon_color=&#8221;#666666&#8243; toggle_font=&#8221;|600|||||||&#8221; toggle_font_size=&#8221;18px&#8221;][et_pb_accordion_item title=&#8221;Canc\u00fan, Quintana Roo&#8221; _builder_version=&#8221;4.23.1&#8243; _module_preset=&#8221;default&#8221; theme_builder_area=&#8221;post_content&#8221; open=&#8221;on&#8221; hover_enabled=&#8221;0&#8243; sticky_enabled=&#8221;0&#8243; closed_toggle_text_color=&#8221;#FFFFFF&#8221; icon_color=&#8221;#FFFFFF&#8221; toggle_icon=&#8221;&#xe060;||divi||400&#8243; use_icon_font_size=&#8221;on&#8221; icon_font_size=&#8221;20px&#8221;]<\/p>\n<table width=\"100%\" style=\"border: 1px solid #c5c5c5; height: 192px; width: 100%;\" class=\"text_chris_font\">\n<tbody>\n<tr style=\"background-color: #000000; color: #fff; text-align: center;\">\n<td style=\"height: 24px;\">Real State Development<\/td>\n<td style=\"height: 24px;\">Person in charge<\/td>\n<td style=\"height: 24px;\">Phone number<\/td>\n<td style=\"height: 24px;\">Email<\/td>\n<td style=\"height: 24px;\">Opening hours<\/td>\n<\/tr>\n<tr style=\"height: 24px;\">\n<td style=\"border-bottom: 1px solid #c5c5c5; height: 24px;\">Prado Norte \/ Rinc\u00f3n del Prado<\/td>\n<td rowspan=\"1\" style=\"border: 1px solid #c5c5c5; height: 24px;\">Guadalupe Cer\u00f3n V\u00e1zquez<\/td>\n<td rowspan=\"1\" style=\"border: 1px solid #c5c5c5; height: 24px;\">998 8810077 extension 3028 WhatsApp: 9982408357<\/td>\n<td rowspan=\"1\" style=\"border: 1px solid #c5c5c5; height: 24px;\"><a href=\"mgceronv@sadasi.com\">mgceronv@sadasi.com<\/a><\/td>\n<td rowspan=\"1\" style=\"border: 1px solid #c5c5c5; height: 24px;\">Monday to Friday 8:00-13:00 \/ 14:00-18:00<\/td>\n<\/tr>\n<tr style=\"height: 24px;\">\n<td style=\"border-bottom: 1px solid #c5c5c5; height: 24px;\">Jardines del Sur<\/td>\n<td rowspan=\"3\" style=\"border: 1px solid #c5c5c5; height: 72px;\">Mireyne G\u00f3mez Aguilar<\/td>\n<td rowspan=\"3\" style=\"border: 1px solid #c5c5c5; height: 72px;\">WhatsApp: 9982408149, 9982408144, 9982462987<\/td>\n<td rowspan=\"3\" style=\"border: 1px solid #c5c5c5; height: 72px;\"><a href=\"atnclientesjs@sadasi.com\">atnclientesjs@sadasi.com<\/a><\/td>\n<td rowspan=\"3\" style=\"border: 1px solid #c5c5c5; height: 72px;\">Monday to Friday 8:00-13:00 \/ 14:00-18:00<\/td>\n<\/tr>\n<tr style=\"height: 24px;\">\n<td style=\"border: 1px solid #c5c5c5; height: 24px;\">La Rioja<\/td>\n<\/tr>\n<tr style=\"height: 24px;\">\n<td style=\"border: 1px solid #c5c5c5; height: 24px;\">Maderos Residencial<\/td>\n<\/tr>\n<\/tbody>\n<\/table>\n<p>[\/et_pb_accordion_item][et_pb_accordion_item title=&#8221;Playa del Carmen, Quintana Roo&#8221; _builder_version=&#8221;4.23.1&#8243; _module_preset=&#8221;default&#8221; theme_builder_area=&#8221;post_content&#8221; open=&#8221;off&#8221; hover_enabled=&#8221;0&#8243; sticky_enabled=&#8221;0&#8243; background_color=&#8221;RGBA(255,255,255,0)&#8221; background_enable_color=&#8221;on&#8221; toggle_text_color=&#8221;#666666&#8243; closed_toggle_text_color=&#8221;#FFFFFF&#8221; icon_color=&#8221;#FFFFFF&#8221; toggle_icon=&#8221;&#xe060;||divi||400&#8243; use_icon_font_size=&#8221;on&#8221; icon_font_size=&#8221;20px&#8221;]<\/p>\n<table width=\"100%\" style=\"border: 1px solid #c5c5c5; height: 192px; width: 100%;\" class=\"text_chris_font\">\n<tbody>\n<tr style=\"background-color: #000000; color: #fff; text-align: center;\">\n<td style=\"height: 24px;\">Municipality<\/td>\n<td style=\"height: 24px;\">Real State Development<\/td>\n<td style=\"height: 24px;\">Person in charge<\/td>\n<td style=\"height: 24px;\">Phone number<\/td>\n<td style=\"height: 24px;\">Email<\/td>\n<td style=\"height: 24px;\">Opening hours<\/td>\n<\/tr>\n<tr style=\"height: 24px;\">\n<td rowspan=\"3\" style=\"border: 1px solid #c5c5c5; height: 72px;\">Playa del Carmen<\/td>\n<td style=\"border-bottom: 1px solid #c5c5c5; height: 24px;\">Almazara<\/td>\n<td rowspan=\"3\" style=\"border: 1px solid #c5c5c5; height: 72px;\">Juan Carlos Maldonado<\/td>\n<td rowspan=\"3\" style=\"border: 1px solid #c5c5c5; height: 72px;\">983 158 7570<\/td>\n<td rowspan=\"3\" style=\"border: 1px solid #c5c5c5; height: 72px;\"><a href=\"jcmaldonadoc@sadasi.com\">jcmaldonadoc@sadasi.com<\/a><\/td>\n<td rowspan=\"3\" style=\"border: 1px solid #c5c5c5; height: 72px;\">Monday to Friday 8:00-18:00<\/td>\n<\/tr>\n<tr style=\"height: 24px;\">\n<td style=\"border: 1px solid #c5c5c5; height: 24px;\">Paseo de Los Olivos 2<\/td>\n<\/tr>\n<tr style=\"height: 24px;\">\n<td style=\"border: 1px solid #c5c5c5; height: 24px;\">La Joya Campestrte<\/td>\n<\/tr>\n<\/tbody>\n<\/table>\n<p>[\/et_pb_accordion_item][\/et_pb_accordion][\/et_pb_column][\/et_pb_row][\/et_pb_section][et_pb_section fb_built=&#8221;1&#8243; _builder_version=&#8221;4.23.1&#8243; _module_preset=&#8221;default&#8221; background_color=&#8221;rgba(0,0,0,0.6)&#8221; background_image=&#8221;https:\/\/disenio.mihogarenelcaribe.com\/wp-content\/uploads\/2023\/11\/fondo-3.jpg&#8221; background_position=&#8221;bottom_center&#8221; background_blend=&#8221;overlay&#8221; global_colors_info=&#8221;{}&#8221; locked=&#8221;off&#8221; theme_builder_area=&#8221;post_content&#8221;][et_pb_row column_structure=&#8221;1_2,1_2&#8243; _builder_version=&#8221;4.23.1&#8243; _module_preset=&#8221;default&#8221; global_colors_info=&#8221;{}&#8221; theme_builder_area=&#8221;post_content&#8221;][et_pb_column type=&#8221;1_2&#8243; _builder_version=&#8221;4.23.1&#8243; _module_preset=&#8221;default&#8221; pac_dcm_carousel_specific_module_num=&#8221;0&#8243; global_colors_info=&#8221;{}&#8221; theme_builder_area=&#8221;post_content&#8221;][\/et_pb_column][et_pb_column type=&#8221;1_2&#8243; _builder_version=&#8221;4.23.1&#8243; _module_preset=&#8221;default&#8221; pac_dcm_carousel_specific_module_num=&#8221;0&#8243; global_colors_info=&#8221;{}&#8221; theme_builder_area=&#8221;post_content&#8221;][et_pb_text _builder_version=&#8221;4.23.1&#8243; _module_preset=&#8221;default&#8221; text_text_color=&#8221;#FFFFFF&#8221; text_font_size=&#8221;16px&#8221; header_2_font=&#8221;|600|||||||&#8221; header_2_text_align=&#8221;right&#8221; header_2_text_color=&#8221;#FFFFFF&#8221; header_2_font_size=&#8221;28px&#8221; header_2_line_height=&#8221;1.2em&#8221; text_orientation=&#8221;right&#8221; width_tablet=&#8221;80%&#8221; width_last_edited=&#8221;off|phone&#8221; module_alignment=&#8221;center&#8221; custom_margin=&#8221;||0px||false|false&#8221; custom_padding=&#8221;|24px||24px|false|true&#8221; header_2_font_size_tablet=&#8221;28px&#8221; header_2_font_size_phone=&#8221;24px&#8221; header_2_font_size_last_edited=&#8221;on|phone&#8221; global_colors_info=&#8221;{}&#8221; theme_builder_area=&#8221;post_content&#8221;]<\/p>\n<h2>Do you need assistance?<\/h2>\n<p>Please contact us<\/p>\n<p>[\/et_pb_text][et_pb_contact_form captcha=&#8221;off&#8221; _builder_version=&#8221;4.23.1&#8243; _module_preset=&#8221;default&#8221; _unique_id=&#8221;9593b05c-06e6-4d42-8c37-f796f5185884&#8243; form_field_background_color=&#8221;RGBA(255,255,255,0)&#8221; form_field_text_color=&#8221;#FFFFFF&#8221; form_field_focus_background_color=&#8221;RGBA(255,255,255,0)&#8221; form_field_focus_text_color=&#8221;#FFFFFF&#8221; form_field_custom_padding=&#8221;8px||8px||true|false&#8221; form_field_font_size=&#8221;14px&#8221; custom_button=&#8221;on&#8221; button_text_color=&#8221;#FFFFFF&#8221; button_border_width=&#8221;2px&#8221; button_border_radius=&#8221;100px&#8221; button_use_icon=&#8221;off&#8221; custom_margin=&#8221;20px||||false|false&#8221; border_radii=&#8221;on|1px|1px|1px|1px&#8221; border_width_all=&#8221;1px&#8221; border_color_all=&#8221;#FFFFFF&#8221; global_colors_info=&#8221;{}&#8221; button_bg_color__hover=&#8221;#6ac2bd&#8221; button_bg_color__hover_enabled=&#8221;on|desktop&#8221; theme_builder_area=&#8221;post_content&#8221;][et_pb_contact_field field_id=&#8221;Name&#8221; field_title=&#8221;Name&#8221; fullwidth_field=&#8221;on&#8221; _builder_version=&#8221;4.23.1&#8243; global_colors_info=&#8221;{}&#8221; button_text_size__hover_enabled=&#8221;off&#8221; button_one_text_size__hover_enabled=&#8221;off&#8221; button_two_text_size__hover_enabled=&#8221;off&#8221; button_text_color__hover_enabled=&#8221;off&#8221; button_one_text_color__hover_enabled=&#8221;off&#8221; button_two_text_color__hover_enabled=&#8221;off&#8221; button_border_width__hover_enabled=&#8221;off&#8221; button_one_border_width__hover_enabled=&#8221;off&#8221; button_two_border_width__hover_enabled=&#8221;off&#8221; button_border_color__hover_enabled=&#8221;off&#8221; button_one_border_color__hover_enabled=&#8221;off&#8221; button_two_border_color__hover_enabled=&#8221;off&#8221; button_border_radius__hover_enabled=&#8221;off&#8221; button_one_border_radius__hover_enabled=&#8221;off&#8221; button_two_border_radius__hover_enabled=&#8221;off&#8221; button_letter_spacing__hover_enabled=&#8221;off&#8221; button_one_letter_spacing__hover_enabled=&#8221;off&#8221; button_two_letter_spacing__hover_enabled=&#8221;off&#8221; button_bg_color__hover_enabled=&#8221;off&#8221; button_one_bg_color__hover_enabled=&#8221;off&#8221; button_two_bg_color__hover_enabled=&#8221;off&#8221; theme_builder_area=&#8221;post_content&#8221;][\/et_pb_contact_field][et_pb_contact_field field_id=&#8221;Email&#8221; field_title=&#8221;Email&#8221; field_type=&#8221;email&#8221; fullwidth_field=&#8221;on&#8221; _builder_version=&#8221;4.23.1&#8243; global_colors_info=&#8221;{}&#8221; button_text_size__hover_enabled=&#8221;off&#8221; button_one_text_size__hover_enabled=&#8221;off&#8221; button_two_text_size__hover_enabled=&#8221;off&#8221; button_text_color__hover_enabled=&#8221;off&#8221; button_one_text_color__hover_enabled=&#8221;off&#8221; button_two_text_color__hover_enabled=&#8221;off&#8221; button_border_width__hover_enabled=&#8221;off&#8221; button_one_border_width__hover_enabled=&#8221;off&#8221; button_two_border_width__hover_enabled=&#8221;off&#8221; button_border_color__hover_enabled=&#8221;off&#8221; button_one_border_color__hover_enabled=&#8221;off&#8221; button_two_border_color__hover_enabled=&#8221;off&#8221; button_border_radius__hover_enabled=&#8221;off&#8221; button_one_border_radius__hover_enabled=&#8221;off&#8221; button_two_border_radius__hover_enabled=&#8221;off&#8221; button_letter_spacing__hover_enabled=&#8221;off&#8221; button_one_letter_spacing__hover_enabled=&#8221;off&#8221; button_two_letter_spacing__hover_enabled=&#8221;off&#8221; button_bg_color__hover_enabled=&#8221;off&#8221; button_one_bg_color__hover_enabled=&#8221;off&#8221; button_two_bg_color__hover_enabled=&#8221;off&#8221; theme_builder_area=&#8221;post_content&#8221;][\/et_pb_contact_field][et_pb_contact_field field_id=&#8221;Message&#8221; field_title=&#8221;Message&#8221; field_type=&#8221;text&#8221; fullwidth_field=&#8221;on&#8221; _builder_version=&#8221;4.23.1&#8243; global_colors_info=&#8221;{}&#8221; button_text_size__hover_enabled=&#8221;off&#8221; button_one_text_size__hover_enabled=&#8221;off&#8221; button_two_text_size__hover_enabled=&#8221;off&#8221; button_text_color__hover_enabled=&#8221;off&#8221; button_one_text_color__hover_enabled=&#8221;off&#8221; button_two_text_color__hover_enabled=&#8221;off&#8221; button_border_width__hover_enabled=&#8221;off&#8221; button_one_border_width__hover_enabled=&#8221;off&#8221; button_two_border_width__hover_enabled=&#8221;off&#8221; button_border_color__hover_enabled=&#8221;off&#8221; button_one_border_color__hover_enabled=&#8221;off&#8221; button_two_border_color__hover_enabled=&#8221;off&#8221; button_border_radius__hover_enabled=&#8221;off&#8221; button_one_border_radius__hover_enabled=&#8221;off&#8221; button_two_border_radius__hover_enabled=&#8221;off&#8221; button_letter_spacing__hover_enabled=&#8221;off&#8221; button_one_letter_spacing__hover_enabled=&#8221;off&#8221; button_two_letter_spacing__hover_enabled=&#8221;off&#8221; button_bg_color__hover_enabled=&#8221;off&#8221; button_one_bg_color__hover_enabled=&#8221;off&#8221; button_two_bg_color__hover_enabled=&#8221;off&#8221; theme_builder_area=&#8221;post_content&#8221;][\/et_pb_contact_field][\/et_pb_contact_form][\/et_pb_column][\/et_pb_row][\/et_pb_section]<\/p>\n","protected":false},"excerpt":{"rendered":"<p>Complaints and suggestions For your convenience, we provide you with the following contact information. Select the state you wish to inquire about. Real State Development Person in charge Phone number Email Opening hours Prado Norte \/ Rinc\u00f3n del Prado Guadalupe Cer\u00f3n V\u00e1zquez 998 8810077 extension 3028 WhatsApp: 9982408357 mgceronv@sadasi.com Monday to Friday 8:00-13:00 \/ 14:00-18:00 [&hellip;]<\/p>\n","protected":false},"author":1,"featured_media":0,"parent":0,"menu_order":0,"comment_status":"closed","ping_status":"closed","template":"","meta":{"_et_pb_use_builder":"on","_et_pb_old_content":"","_et_gb_content_width":"","footnotes":""},"class_list":["post-251696","page","type-page","status-publish","hentry"],"_links":{"self":[{"href":"https:\/\/disenio.mihogarenelcaribe.com\/en\/wp-json\/wp\/v2\/pages\/251696","targetHints":{"allow":["GET"]}}],"collection":[{"href":"https:\/\/disenio.mihogarenelcaribe.com\/en\/wp-json\/wp\/v2\/pages"}],"about":[{"href":"https:\/\/disenio.mihogarenelcaribe.com\/en\/wp-json\/wp\/v2\/types\/page"}],"author":[{"embeddable":true,"href":"https:\/\/disenio.mihogarenelcaribe.com\/en\/wp-json\/wp\/v2\/users\/1"}],"replies":[{"embeddable":true,"href":"https:\/\/disenio.mihogarenelcaribe.com\/en\/wp-json\/wp\/v2\/comments?post=251696"}],"version-history":[{"count":2,"href":"https:\/\/disenio.mihogarenelcaribe.com\/en\/wp-json\/wp\/v2\/pages\/251696\/revisions"}],"predecessor-version":[{"id":251698,"href":"https:\/\/disenio.mihogarenelcaribe.com\/en\/wp-json\/wp\/v2\/pages\/251696\/revisions\/251698"}],"wp:attachment":[{"href":"https:\/\/disenio.mihogarenelcaribe.com\/en\/wp-json\/wp\/v2\/media?parent=251696"}],"curies":[{"name":"wp","href":"https:\/\/api.w.org\/{rel}","templated":true}]}}